{"id":1512,"date":"2012-11-13T23:11:02","date_gmt":"2012-11-13T23:11:02","guid":{"rendered":"http:\/\/ospedale.myholidayintuscany.net\/?page_id=5"},"modified":"2020-03-19T18:46:26","modified_gmt":"2020-03-19T17:46:26","slug":"holiday-in-tuscany","status":"publish","type":"page","link":"https:\/\/sanrossore.pisa.it\/?page_id=1512","title":{"rendered":"POSIZIONE"},"content":{"rendered":"<p>[googlemaps https:\/\/www.google.com\/maps\/embed?pb=!1m18!1m12!1m3!1d5766.892967193475!2d10.384295412334682!3d43.7220508907185!2m3!1f0!2f0!3f0!3m2!1i1024!2i768!4f13.1!3m3!1m2!1s0x12d59111754a6a4d%3A0xeebf5b7de5e0c4f5!2sVia+di+Fasanna%2C+3%2C+56122+Pisa+PI!5e0!3m2!1sit!2sit!4v1449937982093&amp;w=600&amp;h=450][:it]A 1 Km dalla Torre Pendente e dal Centro Storico della Citt\u00e0, il B&amp;B San Russorio si trova nel Viale delle Cascine, strada che porta anche al Parco Naturale di San Rossore, con l&#8217;Ippodromo e un&#8217;area verde che arriva fino al mare e che \u00e8 stata residenza estiva del Presidente della Repubblica. Oggi il Parco \u00e8 di propriet\u00e0 della Regione Toscana.<br \/>\nMolto vicino al B&amp;B si trova anche la famosa Clinica e Casa di Cura San Rossore.<\/p>\n<p>COME SI ARRIVA<\/p>\n<p>DALL&#8217; AEROPORTO Galileo Galilei<\/p>\n<ul>\n<li>in TAXI (circa 15&#8242; di percorso)<\/li>\n<li>in AUTOBUS: Prendere LAM ROSSA fino alla Stazione Centrale &#8211; alla Stazione Centrale prendere la Linea N.&nbsp;6 e scendere in Via Caduti del Lavoro angolo Via delle Cascine. Camminare circa 300 mt. fino a Via Fasanna.<\/li>\n<\/ul>\n<p>DALLA STAZIONE CENTRALE<\/p>\n<ul>\n<li>in AUTOBUS: Prendere la Linea N.&nbsp;6 e scendere in Via Caduti del Lavoro angolo Via delle Cascine. Camminare circa 300 mt. fino a Via Fasanna.<\/li>\n<\/ul>\n<p>IN AUTO<\/p>\n<ul>\n<li>Per chi viene In Autostrada da Nord, conviene uscire alla prima uscita (Pisa Nord): Si segue la direzione verso Pisa percorrendo l&#8217;Aurelia. Arrivati alla localit\u00e0 Madonna dell&#8217;Acqua proseguire sulla destra lungo l&#8217;Aurelia (SS1). Al primo semaforo che si trova, girare a sinistra sul Viale delle Cascine e dopo 50 mt. circa girare ancora a sinistra in Via Fasanna.<\/li>\n<\/ul>\n<ul>\n<li>Per chi viene da Sud conviene uscire a Pisa Centro:&nbsp;Uscita dal casello prendere l&#8217;uscita Darsena Pisana seguendo poi le indicazioni per Pisa (SS1). Presa l&#8217;Aurelia (SS1) continuare sempre dritto in direzione Viareggio; attraversato il fiume e superato i due semafori continuare a dritto fino ad arrivare al semaforo del Viale delle Cascine. L\u00ec prendere a destra e dopo circa 50 mt. girare a sinistra in Via Fasanna.<\/li>\n<\/ul>\n<p>[googlemaps https:\/\/www.google.com\/maps\/embed?pb=!1m18!1m12!1m3!1d5766.892967193475!2d10.384295412334682!3d43.7220508907185!2m3!1f0!2f0!3f0!3m2!1i1024!2i768!4f13.1!3m3!1m2!1s0x12d59111754a6a4d%3A0xeebf5b7de5e0c4f5!2sVia+di+Fasanna%2C+3%2C+56122+Pisa+PI!5e0!3m2!1sit!2sit!4v1449937982093&amp;w=600&amp;h=450]<img decoding=\"async\" src=\"x\"><img decoding=\"async\" src=\"x\"><img decoding=\"async\" src=\"x\"><img decoding=\"async\" src=\"x\"><img decoding=\"async\" src=\"x\"><img decoding=\"async\" src=\"x\"><img decoding=\"async\" src=\"x\"><img decoding=\"async\" src=\"x\"><img decoding=\"async\" src=\"x\"><img decoding=\"async\" src=\"x\"><img decoding=\"async\" src=\"x\"><\/p>\n","protected":false},"excerpt":{"rendered":"<p>[googlemaps https:\/\/www.google.com\/maps\/embed?pb=!1m18!1m12!1m3!1d5766.892967193475!2d10.384295412334682!3d43.7220508907185!2m3!1f0!2f0!3f0!3m2!1i1024!2i768!4f13.1!3m3!1m2!1s0x12d59111754a6a4d%3A0xeebf5b7de5e0c4f5!2sVia+di+Fasanna%2C+3%2C+56122+Pisa+PI!5e0!3m2!1sit!2sit!4v1449937982093&amp;w=600&amp;h=450][:it]A 1 Km dalla Torre Pendente e dal Centro Storico della Citt\u00e0, il B&amp;B San Russorio si trova nel Viale delle Cascine, strada che porta anche al Parco Naturale di San Rossore, con l&#8217;Ippodromo e un&#8217;area verde che arriva fino al mare e che \u00e8 stata residenza estiva del Presidente della Repubblica. Oggi il &hellip; <\/p>\n<p><a class=\"more-link btn\" href=\"https:\/\/sanrossore.pisa.it\/?page_id=1512\">Continua a leggere<\/a><\/p>\n","protected":false},"author":1,"featured_media":0,"parent":1882,"menu_order":1,"comment_status":"closed","ping_status":"closed","template":"","meta":{"_monsterinsights_skip_tracking":false,"_monsterinsights_sitenote_active":false,"_monsterinsights_sitenote_note":"","_monsterinsights_sitenote_category":0,"footnotes":""},"class_list":["post-1512","page","type-page","status-publish","hentry","nodate","item-wrap"],"_links":{"self":[{"href":"https:\/\/sanrossore.pisa.it\/index.php?rest_route=\/wp\/v2\/pages\/1512","targetHints":{"allow":["GET"]}}],"collection":[{"href":"https:\/\/sanrossore.pisa.it\/index.php?rest_route=\/wp\/v2\/pages"}],"about":[{"href":"https:\/\/sanrossore.pisa.it\/index.php?rest_route=\/wp\/v2\/types\/page"}],"author":[{"embeddable":true,"href":"https:\/\/sanrossore.pisa.it\/index.php?rest_route=\/wp\/v2\/users\/1"}],"replies":[{"embeddable":true,"href":"https:\/\/sanrossore.pisa.it\/index.php?rest_route=%2Fwp%2Fv2%2Fcomments&post=1512"}],"version-history":[{"count":6,"href":"https:\/\/sanrossore.pisa.it\/index.php?rest_route=\/wp\/v2\/pages\/1512\/revisions"}],"predecessor-version":[{"id":1891,"href":"https:\/\/sanrossore.pisa.it\/index.php?rest_route=\/wp\/v2\/pages\/1512\/revisions\/1891"}],"up":[{"embeddable":true,"href":"https:\/\/sanrossore.pisa.it\/index.php?rest_route=\/wp\/v2\/pages\/1882"}],"wp:attachment":[{"href":"https:\/\/sanrossore.pisa.it\/index.php?rest_route=%2Fwp%2Fv2%2Fmedia&parent=1512"}],"curies":[{"name":"wp","href":"https:\/\/api.w.org\/{rel}","templated":true}]}}